{"id":994,"date":"2021-09-22T09:18:35","date_gmt":"2021-09-22T09:18:35","guid":{"rendered":"https:\/\/www.websiteradar.net\/kontakt\/"},"modified":"2023-03-15T12:33:19","modified_gmt":"2023-03-15T12:33:19","slug":"kontakt","status":"publish","type":"page","link":"https:\/\/www.websiteradar.net\/pl\/kontakt\/","title":{"rendered":"Kontakt"},"content":{"rendered":"\n<p>Je\u015bli masz dodatkowe pytania, potrzebujesz pomocy lub chcesz nam z\u0142o\u017cy\u0107 propozycj\u0119 wsp\u00f3\u0142pracy, napisz do nas.<\/p>\n\n\n<style>.wp-block-kadence-spacer.kt-block-spacer-_3d6137-5a .kt-block-spacer{height:60px;}.wp-block-kadence-spacer.kt-block-spacer-_3d6137-5a .kt-divider{border-top-width:1px;height:1px;border-top-color:#eee;width:80%;border-top-style:solid;}<\/style>\n<div class=\"wp-block-kadence-spacer aligncenter kt-block-spacer-_3d6137-5a\"><div class=\"kt-block-spacer kt-block-spacer-halign-center\"><hr class=\"kt-divider\"\/><\/div><\/div>\n\n\n<style>.kb-row-layout-id_a3dc7f-40 > .kt-row-column-wrap{align-content:start;}:where(.kb-row-layout-id_a3dc7f-40 > .kt-row-column-wrap) > .wp-block-kadence-column{justify-content:start;}.kb-row-layout-id_a3dc7f-40 > .kt-row-column-wrap{column-gap:var(--global-kb-gap-md, 2rem);row-gap:var(--global-kb-gap-md, 2rem);padding-top:var(--global-kb-spacing-sm, 1.5rem);padding-bottom:var(--global-kb-spacing-sm, 1.5rem);}.kb-row-layout-id_a3dc7f-40 > .kt-row-column-wrap > div:not(.added-for-specificity){grid-column:initial;}.kb-row-layout-id_a3dc7f-40 > .kt-row-column-wrap{grid-template-columns:repeat(3, minmax(0, 1fr));}.kb-row-layout-id_a3dc7f-40{border-top-left-radius:0px;border-top-right-radius:0px;border-bottom-right-radius:0px;border-bottom-left-radius:0px;}.kb-row-layout-id_a3dc7f-40{border-top:1px solid transparent;border-right:1px solid transparent;border-bottom:1px solid transparent;border-left:1px solid transparent;}.kb-row-layout-id_a3dc7f-40 > .kt-row-layout-overlay{opacity:0.30;}@media all and (max-width: 1024px){.kb-row-layout-id_a3dc7f-40 > .kt-row-column-wrap > div:not(.added-for-specificity){grid-column:initial;}}@media all and (max-width: 1024px){.kb-row-layout-id_a3dc7f-40 > .kt-row-column-wrap{grid-template-columns:repeat(3, minmax(0, 1fr));}}@media all and (max-width: 1024px){.kb-row-layout-id_a3dc7f-40{border-top:1px solid transparent;border-right:1px solid transparent;border-bottom:1px solid transparent;border-left:1px solid transparent;}}@media all and (max-width: 767px){.kb-row-layout-id_a3dc7f-40 > .kt-row-column-wrap > div:not(.added-for-specificity){grid-column:initial;}.kb-row-layout-id_a3dc7f-40 > .kt-row-column-wrap{grid-template-columns:minmax(0, 1fr);}.kb-row-layout-id_a3dc7f-40{border-top:1px solid transparent;border-right:1px solid transparent;border-bottom:1px solid transparent;border-left:1px solid transparent;}}<\/style><div class=\"kb-row-layout-wrap kb-row-layout-id_a3dc7f-40 alignnone wp-block-kadence-rowlayout\"><div class=\"kt-row-column-wrap kt-has-3-columns kt-row-layout-equal kt-tab-layout-inherit kt-mobile-layout-row kt-row-valign-top\">\n<style>.kadence-column_cb07cc-5e > .kt-inside-inner-col,.kadence-column_cb07cc-5e > .kt-inside-inner-col:before{border-top-left-radius:0px;border-top-right-radius:0px;border-bottom-right-radius:0px;border-bottom-left-radius:0px;}.kadence-column_cb07cc-5e > .kt-inside-inner-col{column-gap:var(--global-kb-gap-sm, 1rem);}.kadence-column_cb07cc-5e > .kt-inside-inner-col{flex-direction:column;}.kadence-column_cb07cc-5e > .kt-inside-inner-col > .aligncenter{width:100%;}.kadence-column_cb07cc-5e > .kt-inside-inner-col:before{opacity:0.3;}.kadence-column_cb07cc-5e{position:relative;}@media all and (max-width: 1024px){.kadence-column_cb07cc-5e > .kt-inside-inner-col{flex-direction:column;justify-content:center;}}@media all and (max-width: 767px){.kadence-column_cb07cc-5e > .kt-inside-inner-col{flex-direction:column;justify-content:center;}}<\/style>\n<div class=\"wp-block-kadence-column kadence-column_cb07cc-5e inner-column-1\"><div class=\"kt-inside-inner-col\"><style>.wp-block-kadence-icon.kt-svg-icons_961c77-ec{justify-content:center;}<\/style>\n<div class=\"wp-block-kadence-icon kt-svg-icons kt-svg-icons_961c77-ec alignnone\"><style>.kt-svg-item-_d07938-76 .kb-svg-icon-wrap, .kt-svg-style-stacked.kt-svg-item-_d07938-76 .kb-svg-icon-wrap{color:var(--global-palette9, #ffffff);font-size:30px;margin-top:10px;margin-right:10px;margin-bottom:10px;margin-left:10px;background:#7cc2b0;border-color:rgba(68,68,68,0);border-width:0px;border-radius:6%;padding-top:20px;padding-right:20px;padding-bottom:20px;padding-left:20px;}<\/style>\n<div class=\"kt-svg-style-stacked kt-svg-icon-wrap kt-svg-item-_d07938-76\"><span class=\"kb-svg-icon-wrap kb-svg-icon-fas_envelope\"><svg viewBox=\"0 0 512 512\"  fill=\"currentColor\" xmlns=\"http:\/\/www.w3.org\/2000\/svg\"  aria-hidden=\"true\"><path d=\"M502.3 190.8c3.9-3.1 9.7-.2 9.7 4.7V400c0 26.5-21.5 48-48 48H48c-26.5 0-48-21.5-48-48V195.6c0-5 5.7-7.8 9.7-4.7 22.4 17.4 52.1 39.5 154.1 113.6 21.1 15.4 56.7 47.8 92.2 47.6 35.7.3 72-32.8 92.3-47.6 102-74.1 131.6-96.3 154-113.7zM256 320c23.2.4 56.6-29.2 73.4-41.4 132.7-96.3 142.8-104.7 173.4-128.7 5.8-4.5 9.2-11.5 9.2-18.9v-19c0-26.5-21.5-48-48-48H48C21.5 64 0 85.5 0 112v19c0 7.4 3.4 14.3 9.2 18.9 30.6 23.9 40.7 32.4 173.4 128.7 16.8 12.2 50.2 41.8 73.4 41.4z\"\/><\/svg><\/span><\/div>\n<\/div>\n\n\n\n<p class=\"has-text-align-center\"><strong>E-MAIL<\/strong><\/p>\n\n\n\n<p class=\"has-text-align-center has-theme-palette-6-color has-text-color\">info@www.websiteradar.net<\/p>\n<\/div><\/div>\n\n\n<style>.kadence-column_f01592-bd > .kt-inside-inner-col,.kadence-column_f01592-bd > .kt-inside-inner-col:before{border-top-left-radius:0px;border-top-right-radius:0px;border-bottom-right-radius:0px;border-bottom-left-radius:0px;}.kadence-column_f01592-bd > .kt-inside-inner-col{column-gap:var(--global-kb-gap-sm, 1rem);}.kadence-column_f01592-bd > .kt-inside-inner-col{flex-direction:column;}.kadence-column_f01592-bd > .kt-inside-inner-col > .aligncenter{width:100%;}.kadence-column_f01592-bd > .kt-inside-inner-col:before{opacity:0.3;}.kadence-column_f01592-bd{position:relative;}@media all and (max-width: 1024px){.kadence-column_f01592-bd > .kt-inside-inner-col{flex-direction:column;justify-content:center;}}@media all and (max-width: 767px){.kadence-column_f01592-bd > .kt-inside-inner-col{flex-direction:column;justify-content:center;}}<\/style>\n<div class=\"wp-block-kadence-column kadence-column_f01592-bd inner-column-2\"><div class=\"kt-inside-inner-col\"><style>.wp-block-kadence-icon.kt-svg-icons_e900d3-ab{justify-content:center;}<\/style>\n<div class=\"wp-block-kadence-icon kt-svg-icons kt-svg-icons_e900d3-ab alignnone\"><style>.kt-svg-item-_8f68a5-a6 .kb-svg-icon-wrap, .kt-svg-style-stacked.kt-svg-item-_8f68a5-a6 .kb-svg-icon-wrap{color:var(--global-palette9, #ffffff);font-size:30px;margin-top:10px;margin-right:10px;margin-bottom:10px;margin-left:10px;background:#7cc2b0;border-color:rgba(68,68,68,0);border-width:0px;border-radius:6%;padding-top:20px;padding-right:20px;padding-bottom:20px;padding-left:20px;}<\/style>\n<div class=\"kt-svg-style-stacked kt-svg-icon-wrap kt-svg-item-_8f68a5-a6\"><span class=\"kb-svg-icon-wrap kb-svg-icon-fe_user\"><svg viewBox=\"0 0 24 24\"  fill=\"none\" stroke=\"currentColor\" stroke-width=\"2\" stroke-linecap=\"round\" stroke-linejoin=\"round\" xmlns=\"http:\/\/www.w3.org\/2000\/svg\"  aria-hidden=\"true\"><path d=\"M20 21v-2a4 4 0 0 0-4-4H8a4 4 0 0 0-4 4v2\"\/><circle cx=\"12\" cy=\"7\" r=\"4\"\/><\/svg><\/span><\/div>\n<\/div>\n\n\n\n<p class=\"has-text-align-center\"><strong>OSOBA KONTAKTOWA<\/strong><\/p>\n\n\n\n<p class=\"has-text-align-center has-theme-palette-6-color has-text-color\">Tom\u00e1\u0161 Mahr\u00edk<\/p>\n<\/div><\/div>\n\n\n<style>.kadence-column_405210-56 > .kt-inside-inner-col,.kadence-column_405210-56 > .kt-inside-inner-col:before{border-top-left-radius:0px;border-top-right-radius:0px;border-bottom-right-radius:0px;border-bottom-left-radius:0px;}.kadence-column_405210-56 > .kt-inside-inner-col{column-gap:var(--global-kb-gap-sm, 1rem);}.kadence-column_405210-56 > .kt-inside-inner-col{flex-direction:column;}.kadence-column_405210-56 > .kt-inside-inner-col > .aligncenter{width:100%;}.kadence-column_405210-56 > .kt-inside-inner-col:before{opacity:0.3;}.kadence-column_405210-56{position:relative;}@media all and (max-width: 1024px){.kadence-column_405210-56 > .kt-inside-inner-col{flex-direction:column;justify-content:center;}}@media all and (max-width: 767px){.kadence-column_405210-56 > .kt-inside-inner-col{flex-direction:column;justify-content:center;}}<\/style>\n<div class=\"wp-block-kadence-column kadence-column_405210-56 inner-column-3\"><div class=\"kt-inside-inner-col\"><style>.wp-block-kadence-icon.kt-svg-icons_920646-0d{justify-content:center;}<\/style>\n<div class=\"wp-block-kadence-icon kt-svg-icons kt-svg-icons_920646-0d alignnone\"><style>.kt-svg-item-_33b7d1-c2 .kb-svg-icon-wrap, .kt-svg-style-stacked.kt-svg-item-_33b7d1-c2 .kb-svg-icon-wrap{color:var(--global-palette9, #ffffff);font-size:30px;margin-top:10px;margin-right:10px;margin-bottom:10px;margin-left:10px;background:#7cc2b0;border-color:rgba(68,68,68,0);border-width:0px;border-radius:6%;padding-top:20px;padding-right:20px;padding-bottom:20px;padding-left:20px;}<\/style>\n<div class=\"kt-svg-style-stacked kt-svg-icon-wrap kt-svg-item-_33b7d1-c2\"><span class=\"kb-svg-icon-wrap kb-svg-icon-fas_address-card\"><svg viewBox=\"0 0 576 512\"  fill=\"currentColor\" xmlns=\"http:\/\/www.w3.org\/2000\/svg\"  aria-hidden=\"true\"><path d=\"M528 32H48C21.5 32 0 53.5 0 80v352c0 26.5 21.5 48 48 48h480c26.5 0 48-21.5 48-48V80c0-26.5-21.5-48-48-48zm-352 96c35.3 0 64 28.7 64 64s-28.7 64-64 64-64-28.7-64-64 28.7-64 64-64zm112 236.8c0 10.6-10 19.2-22.4 19.2H86.4C74 384 64 375.4 64 364.8v-19.2c0-31.8 30.1-57.6 67.2-57.6h5c12.3 5.1 25.7 8 39.8 8s27.6-2.9 39.8-8h5c37.1 0 67.2 25.8 67.2 57.6v19.2zM512 312c0 4.4-3.6 8-8 8H360c-4.4 0-8-3.6-8-8v-16c0-4.4 3.6-8 8-8h144c4.4 0 8 3.6 8 8v16zm0-64c0 4.4-3.6 8-8 8H360c-4.4 0-8-3.6-8-8v-16c0-4.4 3.6-8 8-8h144c4.4 0 8 3.6 8 8v16zm0-64c0 4.4-3.6 8-8 8H360c-4.4 0-8-3.6-8-8v-16c0-4.4 3.6-8 8-8h144c4.4 0 8 3.6 8 8v16z\"\/><\/svg><\/span><\/div>\n<\/div>\n\n\n\n<p class=\"has-text-align-center\"><strong>ADMINISTRATOR STRONY<\/strong><\/p>\n\n\n\n<p class=\"has-text-align-center has-theme-palette-6-color has-text-color\">Hlavn\u00ed 341\/102<\/p>\n\n\n\n<p class=\"has-text-align-center has-theme-palette-6-color has-text-color\"><strong>DIGITAL WOLF s.r.o.<\/strong><\/p>\n\n\n\n<p class=\"has-text-align-center has-theme-palette-6-color has-text-color\">664 31 Lelekovice<\/p>\n\n\n\n<p class=\"has-text-align-center has-theme-palette-6-color has-text-color\">Republika Czeska<\/p>\n\n\n\n<p class=\"has-text-align-center has-theme-palette-6-color has-text-color\"><strong>REGON:<\/strong> 07253451<\/p>\n\n\n\n<p class=\"has-text-align-center has-theme-palette-6-color has-text-color\"><strong>NIP:<\/strong> CZ07253451<\/p>\n<\/div><\/div>\n\n<\/div><\/div>","protected":false},"excerpt":{"rendered":"<p>Je\u015bli masz dodatkowe pytania, potrzebujesz pomocy lub chcesz nam z\u0142o\u017cy\u0107 propozycj\u0119 wsp\u00f3\u0142pracy, napisz do nas. E-MAIL info@www.websiteradar.net OSOBA KONTAKTOWA Tom\u00e1\u0161 Mahr\u00edk ADMINISTRATOR STRONY Hlavn\u00ed 341\/102 DIGITAL WOLF s.r.o. 664 31 Lelekovice Republika Czeska REGON: 07253451 NIP: CZ07253451<\/p>\n","protected":false},"author":1,"featured_media":0,"parent":0,"menu_order":0,"comment_status":"closed","ping_status":"closed","template":"","meta":{"_kad_blocks_custom_css":"","_kad_blocks_head_custom_js":"","_kad_blocks_body_custom_js":"","_kad_blocks_footer_custom_js":"","_kad_post_transparent":"","_kad_post_title":"","_kad_post_layout":"","_kad_post_sidebar_id":"","_kad_post_content_style":"","_kad_post_vertical_padding":"","_kad_post_feature":"","_kad_post_feature_position":"","_kad_post_header":false,"_kad_post_footer":false,"_kad_post_classname":"","footnotes":""},"class_list":["post-994","page","type-page","status-publish","hentry"],"taxonomy_info":[],"featured_image_src_large":false,"author_info":{"display_name":"Tom\u00e1\u0161 Mahr\u00edk","author_link":"https:\/\/www.websiteradar.net\/pl\/author\/maho125\/"},"comment_info":0,"_links":{"self":[{"href":"https:\/\/www.websiteradar.net\/pl\/wp-json\/wp\/v2\/pages\/994","targetHints":{"allow":["GET"]}}],"collection":[{"href":"https:\/\/www.websiteradar.net\/pl\/wp-json\/wp\/v2\/pages"}],"about":[{"href":"https:\/\/www.websiteradar.net\/pl\/wp-json\/wp\/v2\/types\/page"}],"author":[{"embeddable":true,"href":"https:\/\/www.websiteradar.net\/pl\/wp-json\/wp\/v2\/users\/1"}],"replies":[{"embeddable":true,"href":"https:\/\/www.websiteradar.net\/pl\/wp-json\/wp\/v2\/comments?post=994"}],"version-history":[{"count":5,"href":"https:\/\/www.websiteradar.net\/pl\/wp-json\/wp\/v2\/pages\/994\/revisions"}],"predecessor-version":[{"id":13612,"href":"https:\/\/www.websiteradar.net\/pl\/wp-json\/wp\/v2\/pages\/994\/revisions\/13612"}],"wp:attachment":[{"href":"https:\/\/www.websiteradar.net\/pl\/wp-json\/wp\/v2\/media?parent=994"}],"curies":[{"name":"wp","href":"https:\/\/api.w.org\/{rel}","templated":true}]}}