{"id":2694,"date":"2021-12-09T14:58:10","date_gmt":"2021-12-09T14:58:10","guid":{"rendered":"https:\/\/www.websiteradar.net\/o-nas\/"},"modified":"2023-06-14T10:05:52","modified_gmt":"2023-06-14T10:05:52","slug":"o-nas","status":"publish","type":"page","link":"https:\/\/www.websiteradar.net\/pl\/o-nas\/","title":{"rendered":"O nas"},"content":{"rendered":"<style>.kt-blocks-testimonials-wrap_67d4bf-f3 .kt-svg-testimonial-global-icon{font-size:30px;}.kt-blocks-testimonials-wrap_67d4bf-f3 .kt-testimonial-rating-wrap .kb-svg-icon-wrap{color:#ffd700;font-size:16px;}.kt-blocks-testimonials-wrap_67d4bf-f3 .kt-testimonial-grid-wrap{gap:30px;}.kt-blocks-testimonials-wrap_67d4bf-f3 .kt-testimonial-item-wrap{padding-top:20px;padding-right:20px;padding-bottom:20px;padding-left:20px;}.kt-blocks-testimonials-wrap_67d4bf-f3 .kt-testimonial-content{color:#333333;}.kt-blocks-testimonials-wrap_67d4bf-f3 .kt-testimonial-name{color:#333333;}.kt-blocks-testimonials-wrap_67d4bf-f3 .kt-testimonial-occupation{color:#555555;font-size:15px;}.kt-blocks-testimonials-wrap_67d4bf-f3 .kt-testimonial-item-wrap{max-width:500px;}.kt-blocks-testimonials-wrap_67d4bf-f3 .kt-testimonial-media-inner-wrap{border-top:0px solid #555555;border-right:0px solid #555555;border-bottom:0px solid #555555;border-left:0px solid #555555;padding-top:0px;padding-right:0px;padding-bottom:0px;padding-left:0px;}.kt-blocks-testimonials-wrap_67d4bf-f3 .kt-svg-testimonial-icon{justify-content:center;align-items:center;}.kt-blocks-testimonials-wrap_67d4bf-f3 .kt-testimonial-media-inner-wrap .kadence-testimonial-image-intrisic{padding-bottom:100%;}@media all and (max-width: 1024px){.kt-blocks-testimonials-wrap_67d4bf-f3 .kt-testimonial-media-inner-wrap{border-top:0px solid #555555;border-right:0px solid #555555;border-bottom:0px solid #555555;border-left:0px solid #555555;}}@media all and (max-width: 767px){.kt-blocks-testimonials-wrap_67d4bf-f3{padding-top:px;padding-bottom:px;margin-top:px;margin-bottom:px;}.kt-blocks-testimonials-wrap_67d4bf-f3 .kt-testimonial-media-inner-wrap{border-top:0px solid #555555;border-right:0px solid #555555;border-bottom:0px solid #555555;border-left:0px solid #555555;}}<\/style><div class=\"kt-blocks-testimonials-wrap_67d4bf-f3 kt-testimonial-halign-center kt-testimonial-style-card kt-testimonials-media-on kt-testimonials-icon-off kt-testimonial-columns-3 kt-t-xxl-col-3 kt-t-xl-col-3 kt-t-lg-col-3 kt-t-md-col-2 kt-t-sm-col-1 kt-t-xs-col-1 wp-block-kadence-testimonials\"><ul class=\"kt-blocks-testimonials-inner-wrap kt-testimonial-grid-wrap\">\n<li class=\"kt-testimonial-grid-item\"><div class=\"kt-testimonial-item-wrap kt-testimonial-item-_2c1496-71 wp-block-kadence-testimonial\"><div class=\"kt-testimonial-text-wrap\"><div class=\"kt-testimonial-media-wrap\"><div class=\"kt-testimonial-media-inner-wrap\"><div class=\"kadence-testimonial-image-intrisic\"><img loading=\"lazy\" decoding=\"async\" width=\"400\" height=\"400\" src=\"https:\/\/www.websiteradar.net\/wp-content\/uploads\/2021\/12\/tomas-mahrik-1.jpeg\" class=\"kt-testimonial-image wp-image-2668 size-large\" alt=\"Tom\u00e1\u0161 Mahr\u00edk\" style=\"object-fit: cover;\" srcset=\"https:\/\/www.websiteradar.net\/wp-content\/uploads\/2021\/12\/tomas-mahrik-1.jpeg 400w, https:\/\/www.websiteradar.net\/wp-content\/uploads\/2021\/12\/tomas-mahrik-1-300x300.jpeg 300w, https:\/\/www.websiteradar.net\/wp-content\/uploads\/2021\/12\/tomas-mahrik-1-150x150.jpeg 150w\" sizes=\"auto, (max-width: 400px) 100vw, 400px\" \/><\/div><\/div><\/div><div class=\"kt-testimonial-title-wrap\"><h2 class=\"kt-testimonial-title\"><\/h2><\/div><div class=\"kt-testimonial-content-wrap\"><blockquote class=\"kt-testimonial-content\">I have been developing web and mobile applications for more than 10 years. And sometimes I write something about it.<br><a href=\"https:\/\/twitter.com\/maho125\" target=\"_blank\" rel=\"noreferrer noopener\">Twitter<\/a> | <a href=\"https:\/\/www.linkedin.com\/in\/tomas-mahrik\/\" target=\"_blank\" rel=\"noreferrer noopener\">Linkedin<\/a><\/blockquote><\/div><\/div><div class=\"kt-testimonial-meta-wrap\"><div class=\"kt-testimonial-meta-name-wrap\"><div class=\"kt-testimonial-name-wrap\"><div class=\"kt-testimonial-name\"><strong>Tom\u00e1\u0161 Mahr\u00edk<\/strong><\/div><\/div><div class=\"kt-testimonial-occupation-wrap\"><div class=\"kt-testimonial-occupation\"><em>Founder &amp; Author<\/em><\/div><\/div><\/div><\/div><\/div><\/li>\n\n<li class=\"kt-testimonial-grid-item\"><div class=\"kt-testimonial-item-wrap kt-testimonial-item-_2072b6-23 wp-block-kadence-testimonial\"><div class=\"kt-testimonial-text-wrap\"><div class=\"kt-testimonial-media-wrap\"><div class=\"kt-testimonial-media-inner-wrap\"><div class=\"kadence-testimonial-image-intrisic\"><img loading=\"lazy\" decoding=\"async\" width=\"400\" height=\"400\" src=\"https:\/\/www.websiteradar.net\/wp-content\/uploads\/2021\/12\/jarda-pajskr-1.png\" class=\"kt-testimonial-image wp-image-2673 size-large\" alt=\"Jarda Pajskr\" style=\"object-fit: cover;\" srcset=\"https:\/\/www.websiteradar.net\/wp-content\/uploads\/2021\/12\/jarda-pajskr-1.png 400w, https:\/\/www.websiteradar.net\/wp-content\/uploads\/2021\/12\/jarda-pajskr-1-300x300.png 300w, https:\/\/www.websiteradar.net\/wp-content\/uploads\/2021\/12\/jarda-pajskr-1-150x150.png 150w\" sizes=\"auto, (max-width: 400px) 100vw, 400px\" \/><\/div><\/div><\/div><div class=\"kt-testimonial-title-wrap\"><h2 class=\"kt-testimonial-title\"><\/h2><\/div><div class=\"kt-testimonial-content-wrap\"><blockquote class=\"kt-testimonial-content\">I am an enthusiast of web tools and services, of which WordPress is a particular favourite. Besides that, I am into digital marketing, planning and creating meaningful content because I enjoy writing.<br><a href=\"https:\/\/twitter.com\/Jarocelebrate\" target=\"_blank\" rel=\"noreferrer noopener\">Twitter<\/a> | <a href=\"https:\/\/www.linkedin.com\/in\/jarda-pajskr-4b2063172\/\" target=\"_blank\" rel=\"noreferrer noopener\">Linkedin<\/a><\/blockquote><\/div><\/div><div class=\"kt-testimonial-meta-wrap\"><div class=\"kt-testimonial-meta-name-wrap\"><div class=\"kt-testimonial-name-wrap\"><div class=\"kt-testimonial-name\"><strong>Jarda Pajskr<\/strong><\/div><\/div><div class=\"kt-testimonial-occupation-wrap\"><div class=\"kt-testimonial-occupation\"><em>Author<\/em><\/div><\/div><\/div><\/div><\/div><\/li>\n\n<li class=\"kt-testimonial-grid-item\"><div class=\"kt-testimonial-item-wrap kt-testimonial-item-_8e8182-0e wp-block-kadence-testimonial\"><div class=\"kt-testimonial-text-wrap\"><div class=\"kt-testimonial-media-wrap\"><div class=\"kt-testimonial-media-inner-wrap\"><div class=\"kadence-testimonial-image-intrisic\"><img loading=\"lazy\" decoding=\"async\" width=\"1000\" height=\"1000\" src=\"https:\/\/www.websiteradar.net\/wp-content\/uploads\/2021\/12\/nophoto-woman.jpg\" class=\"kt-testimonial-image wp-image-2681 size-large\" alt=\"Profile Placeholder Image. Gray Silhouette No Photo\" style=\"object-fit: cover;\" srcset=\"https:\/\/www.websiteradar.net\/wp-content\/uploads\/2021\/12\/nophoto-woman.jpg 1000w, https:\/\/www.websiteradar.net\/wp-content\/uploads\/2021\/12\/nophoto-woman-300x300.jpg 300w, https:\/\/www.websiteradar.net\/wp-content\/uploads\/2021\/12\/nophoto-woman-150x150.jpg 150w, https:\/\/www.websiteradar.net\/wp-content\/uploads\/2021\/12\/nophoto-woman-768x768.jpg 768w, https:\/\/www.websiteradar.net\/wp-content\/uploads\/2021\/12\/nophoto-woman-610x610.jpg 610w\" sizes=\"auto, (max-width: 1000px) 100vw, 1000px\" \/><\/div><\/div><\/div><div class=\"kt-testimonial-title-wrap\"><h2 class=\"kt-testimonial-title\"><\/h2><\/div><div class=\"kt-testimonial-content-wrap\"><blockquote class=\"kt-testimonial-content\">IT analyst who switched to websites and internet marketing to work from home. I love WordPress and content creation.<br><a href=\"https:\/\/www.linkedin.com\/in\/jula-markova-02b68789\/\" target=\"_blank\" rel=\"noreferrer noopener\">Linkedin<\/a><\/blockquote><\/div><\/div><div class=\"kt-testimonial-meta-wrap\"><div class=\"kt-testimonial-meta-name-wrap\"><div class=\"kt-testimonial-name-wrap\"><div class=\"kt-testimonial-name\"><strong>Jula Markov\u00e1<\/strong><\/div><\/div><div class=\"kt-testimonial-occupation-wrap\"><div class=\"kt-testimonial-occupation\"><strong>Author<\/strong><\/div><\/div><\/div><\/div><\/div><\/li>\n\n<li class=\"kt-testimonial-grid-item\"><div class=\"kt-testimonial-item-wrap kt-testimonial-item-_c22a0d-f8 wp-block-kadence-testimonial\"><div class=\"kt-testimonial-text-wrap\"><div class=\"kt-testimonial-media-wrap\"><div class=\"kt-testimonial-media-inner-wrap\"><div class=\"kadence-testimonial-image-intrisic\"><img loading=\"lazy\" decoding=\"async\" width=\"420\" height=\"419\" src=\"https:\/\/www.websiteradar.net\/wp-content\/uploads\/2023\/03\/kaniewska_marta.png\" class=\"kt-testimonial-image wp-image-13626 size-large\" alt=\"Kaniewska Marta\" style=\"object-fit: cover;\" srcset=\"https:\/\/www.websiteradar.net\/wp-content\/uploads\/2023\/03\/kaniewska_marta.png 420w, https:\/\/www.websiteradar.net\/wp-content\/uploads\/2023\/03\/kaniewska_marta-300x300.png 300w, https:\/\/www.websiteradar.net\/wp-content\/uploads\/2023\/03\/kaniewska_marta-150x150.png 150w\" sizes=\"auto, (max-width: 420px) 100vw, 420px\" \/><\/div><\/div><\/div><div class=\"kt-testimonial-title-wrap\"><h2 class=\"kt-testimonial-title\"><\/h2><\/div><div class=\"kt-testimonial-content-wrap\"><blockquote class=\"kt-testimonial-content\">I love online marketing, I love writing and working with text. Enthusiast of SEO, data, new technologies and creativity in every form.<br><a href=\"https:\/\/www.linkedin.com\/in\/marta-kaniewska-b233131b7\/\" target=\"_blank\" rel=\"noreferrer noopener\">Linkedin<\/a><\/blockquote><\/div><\/div><div class=\"kt-testimonial-meta-wrap\"><div class=\"kt-testimonial-meta-name-wrap\"><div class=\"kt-testimonial-name-wrap\"><div class=\"kt-testimonial-name\"><strong>Marta Kaniewska<\/strong><\/div><\/div><div class=\"kt-testimonial-occupation-wrap\"><div class=\"kt-testimonial-occupation\">Author<\/div><\/div><\/div><\/div><\/div><\/li>\n\n<li class=\"kt-testimonial-grid-item\"><div class=\"kt-testimonial-item-wrap kt-testimonial-item-_92aeed-3b wp-block-kadence-testimonial\"><div class=\"kt-testimonial-text-wrap\"><div class=\"kt-testimonial-media-wrap\"><div class=\"kt-testimonial-media-inner-wrap\"><div class=\"kadence-testimonial-image-intrisic\"><img loading=\"lazy\" decoding=\"async\" width=\"529\" height=\"571\" src=\"https:\/\/www.websiteradar.net\/wp-content\/uploads\/2023\/03\/martin-poruban-1.jpg\" class=\"kt-testimonial-image wp-image-13590 size-large\" alt=\"Martin Poruban\" style=\"object-fit: cover;\" srcset=\"https:\/\/www.websiteradar.net\/wp-content\/uploads\/2023\/03\/martin-poruban-1.jpg 529w, https:\/\/www.websiteradar.net\/wp-content\/uploads\/2023\/03\/martin-poruban-1-278x300.jpg 278w\" sizes=\"auto, (max-width: 529px) 100vw, 529px\" \/><\/div><\/div><\/div><div class=\"kt-testimonial-title-wrap\"><h2 class=\"kt-testimonial-title\"><\/h2><\/div><div class=\"kt-testimonial-content-wrap\"><blockquote class=\"kt-testimonial-content\">Bicie serca IT od czas\u00f3w Didactic M ze szczeg\u00f3lnym uwzgl\u0119dnieniem bezpiecze\u0144stwa w Internecie. Lubi\u0119 uczy\u0107 si\u0119 i testowa\u0107 nowe narz\u0119dzia.<br><a href=\"https:\/\/www.linkedin.com\/in\/martin-poruban-7691a561\/\" target=\"_blank\" rel=\"noreferrer noopener\">Linkedin <\/a><\/blockquote><\/div><\/div><div class=\"kt-testimonial-meta-wrap\"><div class=\"kt-testimonial-meta-name-wrap\"><div class=\"kt-testimonial-name-wrap\"><div class=\"kt-testimonial-name\"><strong>Martin Poruban<\/strong><\/div><\/div><div class=\"kt-testimonial-occupation-wrap\"><div class=\"kt-testimonial-occupation\">Author<\/div><\/div><\/div><\/div><\/div><\/li>\n\n<li class=\"kt-testimonial-grid-item\"><div class=\"kt-testimonial-item-wrap kt-testimonial-item-_b811c5-f2 wp-block-kadence-testimonial\"><div class=\"kt-testimonial-text-wrap\"><div class=\"kt-testimonial-media-wrap\"><div class=\"kt-testimonial-media-inner-wrap\"><div class=\"kadence-testimonial-image-intrisic\"><img loading=\"lazy\" decoding=\"async\" width=\"1000\" height=\"1000\" src=\"https:\/\/www.websiteradar.net\/wp-content\/uploads\/2021\/12\/nophoto-woman.jpg\" class=\"kt-testimonial-image wp-image-2681 size-large\" alt=\"Profile Placeholder Image. Gray Silhouette No Photo\" style=\"object-fit: cover;\" srcset=\"https:\/\/www.websiteradar.net\/wp-content\/uploads\/2021\/12\/nophoto-woman.jpg 1000w, https:\/\/www.websiteradar.net\/wp-content\/uploads\/2021\/12\/nophoto-woman-300x300.jpg 300w, https:\/\/www.websiteradar.net\/wp-content\/uploads\/2021\/12\/nophoto-woman-150x150.jpg 150w, https:\/\/www.websiteradar.net\/wp-content\/uploads\/2021\/12\/nophoto-woman-768x768.jpg 768w, https:\/\/www.websiteradar.net\/wp-content\/uploads\/2021\/12\/nophoto-woman-610x610.jpg 610w\" sizes=\"auto, (max-width: 1000px) 100vw, 1000px\" \/><\/div><\/div><\/div><div class=\"kt-testimonial-title-wrap\"><h2 class=\"kt-testimonial-title\"><\/h2><\/div><div class=\"kt-testimonial-content-wrap\"><blockquote class=\"kt-testimonial-content\"><a href=\"https:\/\/www.linkedin.com\/in\/michaela-pi\u0161anov\u00e1-36073220a\/\" target=\"_blank\" rel=\"noreferrer noopener\">Linkedin<\/a><\/blockquote><\/div><\/div><div class=\"kt-testimonial-meta-wrap\"><div class=\"kt-testimonial-meta-name-wrap\"><div class=\"kt-testimonial-name-wrap\"><div class=\"kt-testimonial-name\"><strong>Michaela Pi\u0161anov\u00e1<\/strong><\/div><\/div><div class=\"kt-testimonial-occupation-wrap\"><div class=\"kt-testimonial-occupation\"><em>Author<\/em><\/div><\/div><\/div><\/div><\/div><\/li>\n<\/ul><\/div>","protected":false},"excerpt":{"rendered":"","protected":false},"author":1,"featured_media":0,"parent":0,"menu_order":0,"comment_status":"closed","ping_status":"closed","template":"","meta":{"_kad_blocks_custom_css":"","_kad_blocks_head_custom_js":"","_kad_blocks_body_custom_js":"","_kad_blocks_footer_custom_js":"","_kad_post_transparent":"","_kad_post_title":"","_kad_post_layout":"","_kad_post_sidebar_id":"","_kad_post_content_style":"","_kad_post_vertical_padding":"","_kad_post_feature":"","_kad_post_feature_position":"","_kad_post_header":false,"_kad_post_footer":false,"_kad_post_classname":"","footnotes":""},"class_list":["post-2694","page","type-page","status-publish","hentry"],"taxonomy_info":[],"featured_image_src_large":false,"author_info":{"display_name":"Tom\u00e1\u0161 Mahr\u00edk","author_link":"https:\/\/www.websiteradar.net\/pl\/author\/maho125\/"},"comment_info":0,"_links":{"self":[{"href":"https:\/\/www.websiteradar.net\/pl\/wp-json\/wp\/v2\/pages\/2694","targetHints":{"allow":["GET"]}}],"collection":[{"href":"https:\/\/www.websiteradar.net\/pl\/wp-json\/wp\/v2\/pages"}],"about":[{"href":"https:\/\/www.websiteradar.net\/pl\/wp-json\/wp\/v2\/types\/page"}],"author":[{"embeddable":true,"href":"https:\/\/www.websiteradar.net\/pl\/wp-json\/wp\/v2\/users\/1"}],"replies":[{"embeddable":true,"href":"https:\/\/www.websiteradar.net\/pl\/wp-json\/wp\/v2\/comments?post=2694"}],"version-history":[{"count":6,"href":"https:\/\/www.websiteradar.net\/pl\/wp-json\/wp\/v2\/pages\/2694\/revisions"}],"predecessor-version":[{"id":15951,"href":"https:\/\/www.websiteradar.net\/pl\/wp-json\/wp\/v2\/pages\/2694\/revisions\/15951"}],"wp:attachment":[{"href":"https:\/\/www.websiteradar.net\/pl\/wp-json\/wp\/v2\/media?parent=2694"}],"curies":[{"name":"wp","href":"https:\/\/api.w.org\/{rel}","templated":true}]}}