{"id":15794,"date":"2023-05-31T14:16:30","date_gmt":"2023-05-31T14:16:30","guid":{"rendered":"https:\/\/www.websiteradar.net\/kontakt\/"},"modified":"2023-05-31T14:16:30","modified_gmt":"2023-05-31T14:16:30","slug":"kontakt","status":"publish","type":"page","link":"https:\/\/www.websiteradar.net\/de\/kontakt\/","title":{"rendered":"Kontakt"},"content":{"rendered":"\n<p>Nehmen Sie Kontakt mit uns auf. Schreiben Sie uns bei Fragen, Kooperationsanfragen oder Problemen. Lassen Sie es uns bitte wissen, ob Ihnen unsere Arbeit gef\u00e4llt oder ob Sie eine Reparatur ben\u00f6tigen. Es ist uns sehr wichtig, dass alle Informationen im Internet auf dem neuesten Stand sind. Wir versprechen, dass wir uns daf\u00fcr die Zeit nehmen werden.<\/p>\n<style>.wp-block-kadence-spacer.kt-block-spacer-_3d6137-5a .kt-block-spacer{height:60px;}.wp-block-kadence-spacer.kt-block-spacer-_3d6137-5a .kt-divider{border-top-width:1px;height:1px;border-top-color:#eee;width:80%;border-top-style:solid;}<\/style>\n<div class=\"wp-block-kadence-spacer aligncenter kt-block-spacer-_3d6137-5a\"><div class=\"kt-block-spacer kt-block-spacer-halign-center\"><hr class=\"kt-divider\"\/><\/div><\/div>\n<style>#kt-layout-id_a3dc7f-40 > .kt-row-column-wrap{align-content:start;}:where(#kt-layout-id_a3dc7f-40 > .kt-row-column-wrap) > .wp-block-kadence-column{justify-content:start;}#kt-layout-id_a3dc7f-40 > .kt-row-column-wrap{column-gap:var(--global-kb-gap-md, 2rem);row-gap:var(--global-kb-gap-md, 2rem);padding-top:var( --global-kb-row-default-top, 25px );padding-bottom:var( --global-kb-row-default-bottom, 25px );padding-top:var(--global-kb-spacing-sm, 1.5rem);padding-bottom:var(--global-kb-spacing-sm, 1.5rem);}#kt-layout-id_a3dc7f-40 > .kt-row-column-wrap > div:not(.added-for-specificity){grid-column:initial;}#kt-layout-id_a3dc7f-40 > .kt-row-column-wrap{grid-template-columns:repeat(3, minmax(0, 1fr));}#kt-layout-id_a3dc7f-40{border-top-left-radius:0px;border-top-right-radius:0px;border-bottom-right-radius:0px;border-bottom-left-radius:0px;}#kt-layout-id_a3dc7f-40{border-top-width:1px;border-right-width:1px;border-bottom-width:1px;border-left-width:1px;}#kt-layout-id_a3dc7f-40 > .kt-row-layout-overlay{opacity:0.30;}@media all and (max-width: 1024px){#kt-layout-id_a3dc7f-40 > .kt-row-column-wrap > div:not(.added-for-specificity){grid-column:initial;}}@media all and (max-width: 1024px){#kt-layout-id_a3dc7f-40 > .kt-row-column-wrap{grid-template-columns:repeat(3, minmax(0, 1fr));}}@media all and (max-width: 767px){#kt-layout-id_a3dc7f-40 > .kt-row-column-wrap > div:not(.added-for-specificity){grid-column:initial;}#kt-layout-id_a3dc7f-40 > .kt-row-column-wrap{grid-template-columns:minmax(0, 1fr);}}<\/style>\n<div class=\"wp-block-kadence-rowlayout alignnone\"><div id=\"kt-layout-id_a3dc7f-40\" class=\"kt-row-layout-inner kt-layout-id_a3dc7f-40\"><div class=\"kt-row-column-wrap kt-has-3-columns kt-gutter-default kt-v-gutter-default kt-row-valign-top kt-row-layout-equal kt-tab-layout-inherit kt-m-colapse-left-to-right kt-mobile-layout-row\"><style>.kadence-column_cb07cc-5e > .kt-inside-inner-col{border-top-width:0px;border-right-width:0px;border-bottom-width:0px;border-left-width:0px;}.kadence-column_cb07cc-5e > .kt-inside-inner-col,.kadence-column_cb07cc-5e > .kt-inside-inner-col:before{border-top-left-radius:0px;border-top-right-radius:0px;border-bottom-right-radius:0px;border-bottom-left-radius:0px;}.kadence-column_cb07cc-5e > .kt-inside-inner-col{column-gap:var(--global-kb-gap-sm, 1rem);}.kadence-column_cb07cc-5e > .kt-inside-inner-col{flex-direction:column;}.kadence-column_cb07cc-5e > .kt-inside-inner-col > .aligncenter{width:100%;}.kadence-column_cb07cc-5e > .kt-inside-inner-col:before{opacity:0.3;}.kadence-column_cb07cc-5e{position:relative;}@media all and (max-width: 1024px){.kadence-column_cb07cc-5e > .kt-inside-inner-col{flex-direction:column;justify-content:center;}}@media all and (max-width: 767px){.kadence-column_cb07cc-5e > .kt-inside-inner-col{flex-direction:column;justify-content:center;}}<\/style>\n<div class=\"wp-block-kadence-column inner-column-1 kadence-column_cb07cc-5e\"><div class=\"kt-inside-inner-col\"><style>.kt-svg-icons_961c77-ec .kt-svg-item-0 .kb-svg-icon-wrap{color:var(--global-palette9, #ffffff);font-size:30px;background:#7cc2b0;border-color:rgba(68,68,68,0);border-width:0px;border-radius:6px;}.wp-block-kadence-icon.kt-svg-icons_961c77-ec{justify-content:center;}<\/style>\n<div class=\"wp-block-kadence-icon kt-svg-icons kt-svg-icons_961c77-ec alignnone\" style=\"text-align:center\"><div class=\"kt-svg-style-stacked kt-svg-icon-wrap kt-svg-item-0\"><div style=\"display:inline-flex;justify-content:center;align-items:center;color:var(--global-palette9);background-color:#7cc2b0;padding:20px;border-color:rgba(68,68,68,0);border-radius:6%;margin-top:10px;margin-right:10px;margin-bottom:10px;margin-left:10px\" class=\"kt-svg-icon kt-svg-icon-fas_envelope\"><svg style=\"display:inline-block;vertical-align:middle\" viewBox=\"0 0 512 512\" height=\"30\" width=\"30\" fill=\"currentColor\" xmlns=\"http:\/\/www.w3.org\/2000\/svg\" aria-hidden=\"true\"><path d=\"M502.3 190.8c3.9-3.1 9.7-.2 9.7 4.7V400c0 26.5-21.5 48-48 48H48c-26.5 0-48-21.5-48-48V195.6c0-5 5.7-7.8 9.7-4.7 22.4 17.4 52.1 39.5 154.1 113.6 21.1 15.4 56.7 47.8 92.2 47.6 35.7.3 72-32.8 92.3-47.6 102-74.1 131.6-96.3 154-113.7zM256 320c23.2.4 56.6-29.2 73.4-41.4 132.7-96.3 142.8-104.7 173.4-128.7 5.8-4.5 9.2-11.5 9.2-18.9v-19c0-26.5-21.5-48-48-48H48C21.5 64 0 85.5 0 112v19c0 7.4 3.4 14.3 9.2 18.9 30.6 23.9 40.7 32.4 173.4 128.7 16.8 12.2 50.2 41.8 73.4 41.4z\"><\/path><\/svg><\/div><\/div><\/div>\n\n\n\n<p class=\"has-text-align-center\"><strong>EMAIL<\/strong><\/p>\n\n\n\n<p class=\"has-text-align-center has-theme-palette-6-color has-text-color\">info@www.websiteradar.net<\/p>\n<\/div><\/div>\n\n\n<style>.kadence-column_f01592-bd > .kt-inside-inner-col{border-top-width:0px;border-right-width:0px;border-bottom-width:0px;border-left-width:0px;}.kadence-column_f01592-bd > .kt-inside-inner-col,.kadence-column_f01592-bd > .kt-inside-inner-col:before{border-top-left-radius:0px;border-top-right-radius:0px;border-bottom-right-radius:0px;border-bottom-left-radius:0px;}.kadence-column_f01592-bd > .kt-inside-inner-col{column-gap:var(--global-kb-gap-sm, 1rem);}.kadence-column_f01592-bd > .kt-inside-inner-col{flex-direction:column;}.kadence-column_f01592-bd > .kt-inside-inner-col > .aligncenter{width:100%;}.kadence-column_f01592-bd > .kt-inside-inner-col:before{opacity:0.3;}.kadence-column_f01592-bd{position:relative;}@media all and (max-width: 1024px){.kadence-column_f01592-bd > .kt-inside-inner-col{flex-direction:column;justify-content:center;}}@media all and (max-width: 767px){.kadence-column_f01592-bd > .kt-inside-inner-col{flex-direction:column;justify-content:center;}}<\/style>\n<div class=\"wp-block-kadence-column inner-column-2 kadence-column_f01592-bd\"><div class=\"kt-inside-inner-col\"><style>.kt-svg-icons_e900d3-ab .kt-svg-item-0 .kb-svg-icon-wrap{color:var(--global-palette9, #ffffff);font-size:30px;background:#7cc2b0;border-color:rgba(68,68,68,0);border-width:0px;border-radius:6px;}.wp-block-kadence-icon.kt-svg-icons_e900d3-ab{justify-content:center;}<\/style>\n<div class=\"wp-block-kadence-icon kt-svg-icons kt-svg-icons_e900d3-ab alignnone\" style=\"text-align:center\"><div class=\"kt-svg-style-stacked kt-svg-icon-wrap kt-svg-item-0\"><div style=\"display:inline-flex;justify-content:center;align-items:center;color:var(--global-palette9);background-color:#7cc2b0;padding:20px;border-color:rgba(68,68,68,0);border-radius:6%;margin-top:10px;margin-right:10px;margin-bottom:10px;margin-left:10px\" class=\"kt-svg-icon kt-svg-icon-fe_user\"><svg style=\"display:inline-block;vertical-align:middle\" viewBox=\"0 0 24 24\" height=\"30\" width=\"30\" fill=\"none\" stroke=\"currentColor\" xmlns=\"http:\/\/www.w3.org\/2000\/svg\" stroke-width=\"2\" stroke-linecap=\"round\" stroke-linejoin=\"round\" aria-hidden=\"true\"><path d=\"M20 21v-2a4 4 0 0 0-4-4H8a4 4 0 0 0-4 4v2\"><\/path><circle cx=\"12\" cy=\"7\" r=\"4\"><\/circle><\/svg><\/div><\/div><\/div>\n\n\n\n<p class=\"has-text-align-center\"><strong>GESPR\u00c4CHSPARTNER<\/strong><\/p>\n\n\n\n<p class=\"has-text-align-center has-theme-palette-6-color has-text-color\">Tom\u00e1\u0161 Mahr\u00edk<\/p>\n<\/div><\/div>\n\n\n<style>.kadence-column_405210-56 > .kt-inside-inner-col{border-top-width:0px;border-right-width:0px;border-bottom-width:0px;border-left-width:0px;}.kadence-column_405210-56 > .kt-inside-inner-col,.kadence-column_405210-56 > .kt-inside-inner-col:before{border-top-left-radius:0px;border-top-right-radius:0px;border-bottom-right-radius:0px;border-bottom-left-radius:0px;}.kadence-column_405210-56 > .kt-inside-inner-col{column-gap:var(--global-kb-gap-sm, 1rem);}.kadence-column_405210-56 > .kt-inside-inner-col{flex-direction:column;}.kadence-column_405210-56 > .kt-inside-inner-col > .aligncenter{width:100%;}.kadence-column_405210-56 > .kt-inside-inner-col:before{opacity:0.3;}.kadence-column_405210-56{position:relative;}@media all and (max-width: 1024px){.kadence-column_405210-56 > .kt-inside-inner-col{flex-direction:column;justify-content:center;}}@media all and (max-width: 767px){.kadence-column_405210-56 > .kt-inside-inner-col{flex-direction:column;justify-content:center;}}<\/style>\n<div class=\"wp-block-kadence-column inner-column-3 kadence-column_405210-56\"><div class=\"kt-inside-inner-col\"><style>.kt-svg-icons_920646-0d .kt-svg-item-0 .kb-svg-icon-wrap{color:var(--global-palette9, #ffffff);font-size:30px;background:#7cc2b0;border-color:rgba(68,68,68,0);border-width:0px;border-radius:6px;}.wp-block-kadence-icon.kt-svg-icons_920646-0d{justify-content:center;}<\/style>\n<div class=\"wp-block-kadence-icon kt-svg-icons kt-svg-icons_920646-0d alignnone\" style=\"text-align:center\"><div class=\"kt-svg-style-stacked kt-svg-icon-wrap kt-svg-item-0\"><div style=\"display:inline-flex;justify-content:center;align-items:center;color:var(--global-palette9);background-color:#7cc2b0;padding:20px;border-color:rgba(68,68,68,0);border-radius:6%;margin-top:10px;margin-right:10px;margin-bottom:10px;margin-left:10px\" class=\"kt-svg-icon kt-svg-icon-fas_address-card\"><svg style=\"display:inline-block;vertical-align:middle\" viewBox=\"0 0 576 512\" height=\"30\" width=\"30\" fill=\"currentColor\" xmlns=\"http:\/\/www.w3.org\/2000\/svg\" aria-hidden=\"true\"><path d=\"M528 32H48C21.5 32 0 53.5 0 80v352c0 26.5 21.5 48 48 48h480c26.5 0 48-21.5 48-48V80c0-26.5-21.5-48-48-48zm-352 96c35.3 0 64 28.7 64 64s-28.7 64-64 64-64-28.7-64-64 28.7-64 64-64zm112 236.8c0 10.6-10 19.2-22.4 19.2H86.4C74 384 64 375.4 64 364.8v-19.2c0-31.8 30.1-57.6 67.2-57.6h5c12.3 5.1 25.7 8 39.8 8s27.6-2.9 39.8-8h5c37.1 0 67.2 25.8 67.2 57.6v19.2zM512 312c0 4.4-3.6 8-8 8H360c-4.4 0-8-3.6-8-8v-16c0-4.4 3.6-8 8-8h144c4.4 0 8 3.6 8 8v16zm0-64c0 4.4-3.6 8-8 8H360c-4.4 0-8-3.6-8-8v-16c0-4.4 3.6-8 8-8h144c4.4 0 8 3.6 8 8v16zm0-64c0 4.4-3.6 8-8 8H360c-4.4 0-8-3.6-8-8v-16c0-4.4 3.6-8 8-8h144c4.4 0 8 3.6 8 8v16z\"><\/path><\/svg><\/div><\/div><\/div>\n\n\n\n<p class=\"has-text-align-center\"><strong>SEITENBETREIBER<\/strong><\/p>\n\n\n\n<p class=\"has-text-align-center has-theme-palette-6-color has-text-color\">Hlavn\u00ed 341\/102<\/p>\n\n\n\n<p class=\"has-text-align-center has-theme-palette-6-color has-text-color\">DIGITAL WOLF s.r.o.<\/p>\n\n\n\n<p class=\"has-text-align-center has-theme-palette-6-color has-text-color\">664 31 Lelekovice<\/p>\n\n\n\n<p class=\"has-text-align-center has-theme-palette-6-color has-text-color\">Tschechien<\/p>\n\n\n\n<p class=\"has-text-align-center has-theme-palette-6-color has-text-color\">ID-Nummer: 07253451<\/p>\n\n\n\n<p class=\"has-text-align-center has-theme-palette-6-color has-text-color\">Umsatzsteuer-ID: CZ07253451<\/p>\n<\/div><\/div>\n<\/div><\/div><\/div>\n","protected":false},"excerpt":{"rendered":"<p>Nehmen Sie Kontakt mit uns auf. Schreiben Sie uns bei Fragen, Kooperationsanfragen oder Problemen. Lassen Sie es uns bitte wissen, ob Ihnen unsere Arbeit gef\u00e4llt oder ob Sie eine Reparatur ben\u00f6tigen. Es ist uns sehr wichtig, dass alle Informationen im Internet auf dem neuesten Stand sind. Wir versprechen, dass wir uns daf\u00fcr die Zeit nehmen&#8230;<\/p>\n","protected":false},"author":1,"featured_media":0,"parent":0,"menu_order":0,"comment_status":"closed","ping_status":"closed","template":"","meta":{"_kad_blocks_custom_css":"","_kad_blocks_head_custom_js":"","_kad_blocks_body_custom_js":"","_kad_blocks_footer_custom_js":"","_kad_post_transparent":"","_kad_post_title":"","_kad_post_layout":"","_kad_post_sidebar_id":"","_kad_post_content_style":"","_kad_post_vertical_padding":"","_kad_post_feature":"","_kad_post_feature_position":"","_kad_post_header":false,"_kad_post_footer":false,"_kad_post_classname":"","footnotes":""},"class_list":["post-15794","page","type-page","status-publish","hentry"],"taxonomy_info":[],"featured_image_src_large":false,"author_info":{"display_name":"Tom\u00e1\u0161 Mahr\u00edk","author_link":"https:\/\/www.websiteradar.net\/de\/author\/maho125\/"},"comment_info":0,"_links":{"self":[{"href":"https:\/\/www.websiteradar.net\/de\/wp-json\/wp\/v2\/pages\/15794","targetHints":{"allow":["GET"]}}],"collection":[{"href":"https:\/\/www.websiteradar.net\/de\/wp-json\/wp\/v2\/pages"}],"about":[{"href":"https:\/\/www.websiteradar.net\/de\/wp-json\/wp\/v2\/types\/page"}],"author":[{"embeddable":true,"href":"https:\/\/www.websiteradar.net\/de\/wp-json\/wp\/v2\/users\/1"}],"replies":[{"embeddable":true,"href":"https:\/\/www.websiteradar.net\/de\/wp-json\/wp\/v2\/comments?post=15794"}],"version-history":[{"count":1,"href":"https:\/\/www.websiteradar.net\/de\/wp-json\/wp\/v2\/pages\/15794\/revisions"}],"predecessor-version":[{"id":15795,"href":"https:\/\/www.websiteradar.net\/de\/wp-json\/wp\/v2\/pages\/15794\/revisions\/15795"}],"wp:attachment":[{"href":"https:\/\/www.websiteradar.net\/de\/wp-json\/wp\/v2\/media?parent=15794"}],"curies":[{"name":"wp","href":"https:\/\/api.w.org\/{rel}","templated":true}]}}